{"id":30,"date":"2021-01-28T20:43:16","date_gmt":"2021-01-28T20:43:16","guid":{"rendered":"http:\/\/method.vitae.hu\/vitae\/?post_type=product&#038;p=30"},"modified":"2021-02-03T14:44:52","modified_gmt":"2021-02-03T14:44:52","slug":"kaspersky-internet-security","status":"publish","type":"product","link":"http:\/\/method.vitae.hu\/vitae\/termek\/kaspersky-internet-security\/","title":{"rendered":"Kaspersky Internet Security"},"content":{"rendered":"<p>A sokoldal\u00fa v\u00edruskeres\u0151 <strong>kiterjedt v\u00edrusv\u00e9delmi technol\u00f3gi\u00e1t<\/strong> mutat be. Megakad\u00e1lyozza, hogy a malware programok bejussanak a rendszerbe, automatikusan <strong>ellen\u0151rzi a f\u00e1jlokat<\/strong> \u00e9s softvereket, <strong>figyeli az internetes kommunik\u00e1ci\u00f3t<\/strong>. Mindezt t\u00f6bb <strong>k\u00fcl\u00f6nb\u00f6z\u0151 eszk\u00f6z\u00f6n<\/strong>, a sz\u00e1m\u00edt\u00f3g\u00e9pben, a t\u00e1blag\u00e9pben vagy a telefonban. Cloud alapon m\u0171k\u00f6dik, amely<strong>val\u00f3s id\u0151ben v\u00e9d az<\/strong> \u00faj t\u00edpus\u00fa vesz\u00e9lyekt\u0151l.<\/p>\n","protected":false},"excerpt":{"rendered":"<p>A sokoldal\u00fa v\u00edruskeres\u0151 kiterjedt v\u00edrusv\u00e9delmi technol\u00f3gi\u00e1t mutat be. Megakad\u00e1lyozza, hogy a malware programok bejussanak a rendszerbe, automatikusan ellen\u0151rzi a f\u00e1jlokat \u00e9s softvereket, figyeli az internetes kommunik\u00e1ci\u00f3t. Mindezt t\u00f6bb k\u00fcl\u00f6nb\u00f6z\u0151 eszk\u00f6z\u00f6n, a sz\u00e1m\u00edt\u00f3g\u00e9pben, a t\u00e1blag\u00e9pben vagy a telefonban. Cloud alapon m\u0171k\u00f6dik, amelyval\u00f3s id\u0151ben v\u00e9d az \u00faj t\u00edpus\u00fa vesz\u00e9lyekt\u0151l.<\/p>\n","protected":false},"featured_media":31,"comment_status":"open","ping_status":"closed","template":"","meta":[],"yoast_head":"<!-- This site is optimized with the Yoast SEO plugin v15.7 - https:\/\/yoast.com\/wordpress\/plugins\/seo\/ -->\n<title>Kaspersky Internet Security - Studio Vitae Rendszerh\u00e1z Kft.<\/title>\n<meta name=\"robots\" content=\"index, follow, max-snippet:-1, max-image-preview:large, max-video-preview:-1\" \/>\n<link rel=\"canonical\" href=\"http:\/\/method.vitae.hu\/vitae\/termek\/kaspersky-internet-security\/\" \/>\n<meta property=\"og:locale\" content=\"hu_HU\" \/>\n<meta property=\"og:type\" content=\"article\" \/>\n<meta property=\"og:title\" content=\"Kaspersky Internet Security - Studio Vitae Rendszerh\u00e1z Kft.\" \/>\n<meta property=\"og:description\" content=\"A sokoldal\u00fa v\u00edruskeres\u0151 kiterjedt v\u00edrusv\u00e9delmi technol\u00f3gi\u00e1t mutat be. Megakad\u00e1lyozza, hogy a malware programok bejussanak a rendszerbe, automatikusan ellen\u0151rzi a f\u00e1jlokat \u00e9s softvereket, figyeli az internetes kommunik\u00e1ci\u00f3t. Mindezt t\u00f6bb k\u00fcl\u00f6nb\u00f6z\u0151 eszk\u00f6z\u00f6n, a sz\u00e1m\u00edt\u00f3g\u00e9pben, a t\u00e1blag\u00e9pben vagy a telefonban. Cloud alapon m\u0171k\u00f6dik, amelyval\u00f3s id\u0151ben v\u00e9d az \u00faj t\u00edpus\u00fa vesz\u00e9lyekt\u0151l.\" \/>\n<meta property=\"og:url\" content=\"http:\/\/method.vitae.hu\/vitae\/termek\/kaspersky-internet-security\/\" \/>\n<meta property=\"og:site_name\" content=\"Studio Vitae Rendszerh\u00e1z Kft.\" \/>\n<meta property=\"article:modified_time\" content=\"2021-02-03T14:44:52+00:00\" \/>\n<meta property=\"og:image\" content=\"http:\/\/method.vitae.hu\/vitae\/wp-content\/uploads\/2021\/01\/product-box-KISMD.png\" \/>\n\t<meta property=\"og:image:width\" content=\"225\" \/>\n\t<meta property=\"og:image:height\" content=\"249\" \/>\n<meta name=\"twitter:card\" content=\"summary_large_image\" \/>\n<meta name=\"twitter:label1\" content=\"Becs\u00fclt olvas\u00e1si id\u0151\">\n\t<meta name=\"twitter:data1\" content=\"1 perc\">\n<script type=\"application\/ld+json\" class=\"yoast-schema-graph\">{\"@context\":\"https:\/\/schema.org\",\"@graph\":[{\"@type\":\"WebSite\",\"@id\":\"http:\/\/method.vitae.hu\/vitae\/#website\",\"url\":\"http:\/\/method.vitae.hu\/vitae\/\",\"name\":\"Studio Vitae Rendszerh\\u00e1z Kft.\",\"description\":\"\",\"potentialAction\":[{\"@type\":\"SearchAction\",\"target\":\"http:\/\/method.vitae.hu\/vitae\/?s={search_term_string}\",\"query-input\":\"required name=search_term_string\"}],\"inLanguage\":\"hu\"},{\"@type\":\"ImageObject\",\"@id\":\"http:\/\/method.vitae.hu\/vitae\/termek\/kaspersky-internet-security\/#primaryimage\",\"inLanguage\":\"hu\",\"url\":\"http:\/\/method.vitae.hu\/vitae\/wp-content\/uploads\/2021\/01\/product-box-KISMD.png\",\"width\":225,\"height\":249},{\"@type\":\"WebPage\",\"@id\":\"http:\/\/method.vitae.hu\/vitae\/termek\/kaspersky-internet-security\/#webpage\",\"url\":\"http:\/\/method.vitae.hu\/vitae\/termek\/kaspersky-internet-security\/\",\"name\":\"Kaspersky Internet Security - Studio Vitae Rendszerh\\u00e1z Kft.\",\"isPartOf\":{\"@id\":\"http:\/\/method.vitae.hu\/vitae\/#website\"},\"primaryImageOfPage\":{\"@id\":\"http:\/\/method.vitae.hu\/vitae\/termek\/kaspersky-internet-security\/#primaryimage\"},\"datePublished\":\"2021-01-28T20:43:16+00:00\",\"dateModified\":\"2021-02-03T14:44:52+00:00\",\"inLanguage\":\"hu\",\"potentialAction\":[{\"@type\":\"ReadAction\",\"target\":[\"http:\/\/method.vitae.hu\/vitae\/termek\/kaspersky-internet-security\/\"]}]}]}<\/script>\n<!-- \/ Yoast SEO plugin. -->","_links":{"self":[{"href":"http:\/\/method.vitae.hu\/vitae\/wp-json\/wp\/v2\/product\/30"}],"collection":[{"href":"http:\/\/method.vitae.hu\/vitae\/wp-json\/wp\/v2\/product"}],"about":[{"href":"http:\/\/method.vitae.hu\/vitae\/wp-json\/wp\/v2\/types\/product"}],"replies":[{"embeddable":true,"href":"http:\/\/method.vitae.hu\/vitae\/wp-json\/wp\/v2\/comments?post=30"}],"wp:featuredmedia":[{"embeddable":true,"href":"http:\/\/method.vitae.hu\/vitae\/wp-json\/wp\/v2\/media\/31"}],"wp:attachment":[{"href":"http:\/\/method.vitae.hu\/vitae\/wp-json\/wp\/v2\/media?parent=30"}],"curies":[{"name":"wp","href":"https:\/\/api.w.org\/{rel}","templated":true}]}}