{"id":52,"date":"2021-01-28T21:14:05","date_gmt":"2021-01-28T21:14:05","guid":{"rendered":"http:\/\/method.vitae.hu\/vitae\/?post_type=product&#038;p=52"},"modified":"2021-01-28T21:15:22","modified_gmt":"2021-01-28T21:15:22","slug":"kaspersky-total-security","status":"publish","type":"product","link":"http:\/\/method.vitae.hu\/vitae\/termek\/kaspersky-total-security\/","title":{"rendered":"Kaspersky Total Security"},"content":{"rendered":"","protected":false},"excerpt":{"rendered":"<p>A Kaspersky Lab <strong>r\u00e9g\u00f3ta vezet\u0151 szerepet t\u00f6lt be a<\/strong> v\u00e9gfelhaszn\u00e1l\u00f3i <strong>biztons\u00e1gi megold\u00e1sokban<\/strong>. K\u00e9ts\u00e9gtelen, hogy a leg\u00e9rt\u00e9kesebb \u00e9rt\u00e9ke \u00a0a gazdag szak\u00e9rtelem, amelyet az \u00e9vek sor\u00e1n a nagyobb IT-fenyeget\u00e9sek elleni k\u00fczdelemben szereztek. Az \u00fcgyf\u00e9lb\u00e1zis t\u00f6bb mint 300 milli\u00f3 felhaszn\u00e1l\u00f3b\u00f3l \u00e1ll a vil\u00e1gon, \u00e9s ny\u00edltan \u00fcdv\u00f6z\u00f6l t\u00e9ged is.<\/p>\n<p>A Total Security leg\u00fajabb verzi\u00f3ja biztos\u00edtja <strong>az \u00f6sszes k\u00e9sz\u00fcl\u00e9k leg\u00e1tfog\u00f3bb v\u00e9delm\u00e9t<\/strong>. A csal\u00e1don bel\u00fcl biztos, hogy sz\u00e1mos eszk\u00f6zt haszn\u00e1lsz, bele\u00e9rtve a Windows vagy Mac OS, az Android telefonokat \u00e9s t\u00e1blag\u00e9peket, valamint az iPhone \u00e9s iPad eszk\u00f6z\u00f6ket. Ne agg\u00f3dj a biztons\u00e1guk\u00e9rt, a Kaspersky megv\u00e9di \u0151ket az \u00e1thatolhatatlan pajzs\u00e1val.<\/p>\n","protected":false},"featured_media":53,"comment_status":"open","ping_status":"closed","template":"","meta":[],"yoast_head":"<!-- This site is optimized with the Yoast SEO plugin v15.7 - https:\/\/yoast.com\/wordpress\/plugins\/seo\/ -->\n<title>Kaspersky Total Security - Studio Vitae Rendszerh\u00e1z Kft.<\/title>\n<meta name=\"robots\" content=\"index, follow, max-snippet:-1, max-image-preview:large, max-video-preview:-1\" \/>\n<link rel=\"canonical\" href=\"http:\/\/method.vitae.hu\/vitae\/termek\/kaspersky-total-security\/\" \/>\n<meta property=\"og:locale\" content=\"hu_HU\" \/>\n<meta property=\"og:type\" content=\"article\" \/>\n<meta property=\"og:title\" content=\"Kaspersky Total Security - Studio Vitae Rendszerh\u00e1z Kft.\" \/>\n<meta property=\"og:description\" content=\"A Kaspersky Lab r\u00e9g\u00f3ta vezet\u0151 szerepet t\u00f6lt be a v\u00e9gfelhaszn\u00e1l\u00f3i biztons\u00e1gi megold\u00e1sokban. K\u00e9ts\u00e9gtelen, hogy a leg\u00e9rt\u00e9kesebb \u00e9rt\u00e9ke \u00a0a gazdag szak\u00e9rtelem, amelyet az \u00e9vek sor\u00e1n a nagyobb IT-fenyeget\u00e9sek elleni k\u00fczdelemben szereztek. Az \u00fcgyf\u00e9lb\u00e1zis t\u00f6bb mint 300 milli\u00f3 felhaszn\u00e1l\u00f3b\u00f3l \u00e1ll a vil\u00e1gon, \u00e9s ny\u00edltan \u00fcdv\u00f6z\u00f6l t\u00e9ged is.  A Total Security leg\u00fajabb verzi\u00f3ja biztos\u00edtja az \u00f6sszes k\u00e9sz\u00fcl\u00e9k leg\u00e1tfog\u00f3bb v\u00e9delm\u00e9t. A csal\u00e1don bel\u00fcl biztos, hogy sz\u00e1mos eszk\u00f6zt haszn\u00e1lsz, bele\u00e9rtve a Windows vagy Mac OS, az Android telefonokat \u00e9s t\u00e1blag\u00e9peket, valamint az iPhone \u00e9s iPad eszk\u00f6z\u00f6ket. Ne agg\u00f3dj a biztons\u00e1guk\u00e9rt, a Kaspersky megv\u00e9di \u0151ket az \u00e1thatolhatatlan pajzs\u00e1val.\" \/>\n<meta property=\"og:url\" content=\"http:\/\/method.vitae.hu\/vitae\/termek\/kaspersky-total-security\/\" \/>\n<meta property=\"og:site_name\" content=\"Studio Vitae Rendszerh\u00e1z Kft.\" \/>\n<meta property=\"article:modified_time\" content=\"2021-01-28T21:15:22+00:00\" \/>\n<meta property=\"og:image\" content=\"http:\/\/method.vitae.hu\/vitae\/wp-content\/uploads\/2021\/01\/product-box-KTS.png\" \/>\n\t<meta property=\"og:image:width\" content=\"225\" \/>\n\t<meta property=\"og:image:height\" content=\"249\" \/>\n<meta name=\"twitter:card\" content=\"summary_large_image\" \/>\n<script type=\"application\/ld+json\" class=\"yoast-schema-graph\">{\"@context\":\"https:\/\/schema.org\",\"@graph\":[{\"@type\":\"WebSite\",\"@id\":\"http:\/\/method.vitae.hu\/vitae\/#website\",\"url\":\"http:\/\/method.vitae.hu\/vitae\/\",\"name\":\"Studio Vitae Rendszerh\\u00e1z Kft.\",\"description\":\"\",\"potentialAction\":[{\"@type\":\"SearchAction\",\"target\":\"http:\/\/method.vitae.hu\/vitae\/?s={search_term_string}\",\"query-input\":\"required name=search_term_string\"}],\"inLanguage\":\"hu\"},{\"@type\":\"ImageObject\",\"@id\":\"http:\/\/method.vitae.hu\/vitae\/termek\/kaspersky-total-security\/#primaryimage\",\"inLanguage\":\"hu\",\"url\":\"http:\/\/method.vitae.hu\/vitae\/wp-content\/uploads\/2021\/01\/product-box-KTS.png\",\"width\":225,\"height\":249},{\"@type\":\"WebPage\",\"@id\":\"http:\/\/method.vitae.hu\/vitae\/termek\/kaspersky-total-security\/#webpage\",\"url\":\"http:\/\/method.vitae.hu\/vitae\/termek\/kaspersky-total-security\/\",\"name\":\"Kaspersky Total Security - Studio Vitae Rendszerh\\u00e1z Kft.\",\"isPartOf\":{\"@id\":\"http:\/\/method.vitae.hu\/vitae\/#website\"},\"primaryImageOfPage\":{\"@id\":\"http:\/\/method.vitae.hu\/vitae\/termek\/kaspersky-total-security\/#primaryimage\"},\"datePublished\":\"2021-01-28T21:14:05+00:00\",\"dateModified\":\"2021-01-28T21:15:22+00:00\",\"inLanguage\":\"hu\",\"potentialAction\":[{\"@type\":\"ReadAction\",\"target\":[\"http:\/\/method.vitae.hu\/vitae\/termek\/kaspersky-total-security\/\"]}]}]}<\/script>\n<!-- \/ Yoast SEO plugin. -->","_links":{"self":[{"href":"http:\/\/method.vitae.hu\/vitae\/wp-json\/wp\/v2\/product\/52"}],"collection":[{"href":"http:\/\/method.vitae.hu\/vitae\/wp-json\/wp\/v2\/product"}],"about":[{"href":"http:\/\/method.vitae.hu\/vitae\/wp-json\/wp\/v2\/types\/product"}],"replies":[{"embeddable":true,"href":"http:\/\/method.vitae.hu\/vitae\/wp-json\/wp\/v2\/comments?post=52"}],"wp:featuredmedia":[{"embeddable":true,"href":"http:\/\/method.vitae.hu\/vitae\/wp-json\/wp\/v2\/media\/53"}],"wp:attachment":[{"href":"http:\/\/method.vitae.hu\/vitae\/wp-json\/wp\/v2\/media?parent=52"}],"curies":[{"name":"wp","href":"https:\/\/api.w.org\/{rel}","templated":true}]}}